{"id":226,"date":"2021-01-02T21:27:38","date_gmt":"2021-01-02T21:27:38","guid":{"rendered":"https:\/\/iridis.es\/?page_id=226"},"modified":"2022-11-28T14:42:08","modified_gmt":"2022-11-28T14:42:08","slug":"quienes-somos","status":"publish","type":"page","link":"https:\/\/iridis.es\/?page_id=226","title":{"rendered":"Qui\u00e9nes somos"},"content":{"rendered":"\t\t<div data-elementor-type=\"wp-page\" data-elementor-id=\"226\" class=\"elementor elementor-226\">\n\t\t\t\t\t\t\t\t\t<section class=\"elementor-section elementor-top-section elementor-element elementor-element-5e8e587 elementor-section-boxed elementor-section-height-default elementor-section-height-default\" data-id=\"5e8e587\" data-element_type=\"section\">\n\t\t\t\t\t\t<div class=\"elementor-container elementor-column-gap-default\">\n\t\t\t\t\t<div class=\"elementor-column elementor-col-100 elementor-top-column elementor-element elementor-element-770242e\" data-id=\"770242e\" data-element_type=\"column\">\n\t\t\t<div class=\"elementor-widget-wrap elementor-element-populated\">\n\t\t\t\t\t\t\t\t<div class=\"elementor-element elementor-element-dc7195a elementor-widget elementor-widget-text-editor\" data-id=\"dc7195a\" data-element_type=\"widget\" data-widget_type=\"text-editor.default\">\n\t\t\t\t<div class=\"elementor-widget-container\">\n\t\t\t<style>\/*! elementor - v3.8.1 - 13-11-2022 *\/\n.elementor-widget-text-editor.elementor-drop-cap-view-stacked .elementor-drop-cap{background-color:#818a91;color:#fff}.elementor-widget-text-editor.elementor-drop-cap-view-framed .elementor-drop-cap{color:#818a91;border:3px solid;background-color:transparent}.elementor-widget-text-editor:not(.elementor-drop-cap-view-default) .elementor-drop-cap{margin-top:8px}.elementor-widget-text-editor:not(.elementor-drop-cap-view-default) .elementor-drop-cap-letter{width:1em;height:1em}.elementor-widget-text-editor .elementor-drop-cap{float:left;text-align:center;line-height:1;font-size:50px}.elementor-widget-text-editor .elementor-drop-cap-letter{display:inline-block}<\/style>\t\t\t\t<p>Somos Ana V. Sell\u00e9s Dick y Ver\u00f3nica Pe\u00f1alver Sell\u00e9s, psic\u00f3logas y, a la vez, madre e hija.<\/p>\t\t\t\t\t\t<\/div>\n\t\t\t\t<\/div>\n\t\t\t\t\t<\/div>\n\t\t<\/div>\n\t\t\t\t\t\t\t<\/div>\n\t\t<\/section>\n\t\t\t\t<section class=\"elementor-section elementor-top-section elementor-element elementor-element-e8bffd7 elementor-section-boxed elementor-section-height-default elementor-section-height-default\" data-id=\"e8bffd7\" data-element_type=\"section\">\n\t\t\t\t\t\t<div class=\"elementor-container elementor-column-gap-default\">\n\t\t\t\t\t<div class=\"elementor-column elementor-col-100 elementor-top-column elementor-element elementor-element-e516822\" data-id=\"e516822\" data-element_type=\"column\">\n\t\t\t<div class=\"elementor-widget-wrap elementor-element-populated\">\n\t\t\t\t\t\t\t\t<div class=\"elementor-element elementor-element-3933c26 elementor-widget elementor-widget-text-editor\" data-id=\"3933c26\" data-element_type=\"widget\" data-widget_type=\"text-editor.default\">\n\t\t\t\t<div class=\"elementor-widget-container\">\n\t\t\t\t\t\t\t<p><strong>IRIDIS<\/strong><\/p><p>Proviene de la palabra &#8220;iridiscencia&#8221;, que hace referencia a la cualidad de aquellas superficies que, seg\u00fan la perspectiva desde donde sean observadas, se ven de distinto color.\u00a0<\/p><p>El origen etimol\u00f3gico de &#8220;iris&#8221; es la palabra griega <em>\u00edris, <\/em>nombre de la diosa Iris de la mitolog\u00eda griega. \u00c9sta, representada por el arco\u00edris, es la anunciante del pacto de uni\u00f3n entre el Olimpo y la Tierra al final de la tormenta y la encargada de hacer llegar los mensajes de los dioses a los humanos. Por ello, Plat\u00f3n relaciona su etimolog\u00eda con <i>eire\u00edn<\/i>, cuyo significado es &#8220;hablar&#8221;. De ese modo, Iris personifica la dial\u00e9ctica y la filosof\u00eda como resultado del asombro (su padre es Taumante, de la palabra <i>th\u00f4uma<\/i> que significa &#8220;asombro&#8221;).\u00a0 Adem\u00e1s, Iris tambi\u00e9n es representada suministrando a las nubes el agua que necesitan para llover.<\/p>\t\t\t\t\t\t<\/div>\n\t\t\t\t<\/div>\n\t\t\t\t\t<\/div>\n\t\t<\/div>\n\t\t\t\t\t\t\t<\/div>\n\t\t<\/section>\n\t\t\t\t<section class=\"elementor-section elementor-top-section elementor-element elementor-element-c5d111d elementor-section-boxed elementor-section-height-default elementor-section-height-default\" data-id=\"c5d111d\" data-element_type=\"section\">\n\t\t\t\t\t\t<div class=\"elementor-container elementor-column-gap-default\">\n\t\t\t\t\t<div class=\"elementor-column elementor-col-50 elementor-top-column elementor-element elementor-element-244ef3a\" data-id=\"244ef3a\" data-element_type=\"column\">\n\t\t\t<div class=\"elementor-widget-wrap elementor-element-populated\">\n\t\t\t\t\t\t\t\t<div class=\"elementor-element elementor-element-357987a elementor-widget elementor-widget-text-editor\" data-id=\"357987a\" data-element_type=\"widget\" data-widget_type=\"text-editor.default\">\n\t\t\t\t<div class=\"elementor-widget-container\">\n\t\t\t\t\t\t\t<h3><strong>Ana V. Sell\u00e9s Dick<\/strong><\/h3>\t\t\t\t\t\t<\/div>\n\t\t\t\t<\/div>\n\t\t\t\t<div class=\"elementor-element elementor-element-1696860 elementor-widget elementor-widget-image\" data-id=\"1696860\" data-element_type=\"widget\" data-widget_type=\"image.default\">\n\t\t\t\t<div class=\"elementor-widget-container\">\n\t\t\t<style>\/*! elementor - v3.8.1 - 13-11-2022 *\/\n.elementor-widget-image{text-align:center}.elementor-widget-image a{display:inline-block}.elementor-widget-image a img[src$=\".svg\"]{width:48px}.elementor-widget-image img{vertical-align:middle;display:inline-block}<\/style>\t\t\t\t\t\t\t\t\t\t\t\t<img loading=\"lazy\" decoding=\"async\" width=\"756\" height=\"756\" src=\"https:\/\/iridis.es\/wp-content\/uploads\/2022\/11\/anav2.jpg\" class=\"attachment-large size-large\" alt=\"\" srcset=\"https:\/\/iridis.es\/wp-content\/uploads\/2022\/11\/anav2.jpg 756w, https:\/\/iridis.es\/wp-content\/uploads\/2022\/11\/anav2-300x300.jpg 300w, https:\/\/iridis.es\/wp-content\/uploads\/2022\/11\/anav2-150x150.jpg 150w\" sizes=\"auto, (max-width: 756px) 100vw, 756px\" \/>\t\t\t\t\t\t\t\t\t\t\t\t\t\t\t<\/div>\n\t\t\t\t<\/div>\n\t\t\t\t<div class=\"elementor-element elementor-element-38c5fa3 elementor-widget elementor-widget-text-editor\" data-id=\"38c5fa3\" data-element_type=\"widget\" data-widget_type=\"text-editor.default\">\n\t\t\t\t<div class=\"elementor-widget-container\">\n\t\t\t\t\t\t\t<p>Psic\u00f3loga de enfoque din\u00e1mico y hol\u00edstico, integrativo. Terapia individual para adultos. Co-terapeuta en terapia de pareja y mediaci\u00f3n de grupo terap\u00e9utico.\u00a0 \u00a0 \u00a0 \u00a0<\/p>\t\t\t\t\t\t<\/div>\n\t\t\t\t<\/div>\n\t\t\t\t<div class=\"elementor-element elementor-element-403d539 elementor-widget elementor-widget-text-editor\" data-id=\"403d539\" data-element_type=\"widget\" data-widget_type=\"text-editor.default\">\n\t\t\t\t<div class=\"elementor-widget-container\">\n\t\t\t\t\t\t\t<p>anaveronica@iridis.es<\/p><p>+34 687 055 340<\/p>\t\t\t\t\t\t<\/div>\n\t\t\t\t<\/div>\n\t\t\t\t\t<\/div>\n\t\t<\/div>\n\t\t\t\t<div class=\"elementor-column elementor-col-50 elementor-top-column elementor-element elementor-element-0d14dd3\" data-id=\"0d14dd3\" data-element_type=\"column\">\n\t\t\t<div class=\"elementor-widget-wrap elementor-element-populated\">\n\t\t\t\t\t\t\t\t<div class=\"elementor-element elementor-element-84b38e4 elementor-widget elementor-widget-text-editor\" data-id=\"84b38e4\" data-element_type=\"widget\" data-widget_type=\"text-editor.default\">\n\t\t\t\t<div class=\"elementor-widget-container\">\n\t\t\t\t\t\t\t<h3><strong>Ver\u00f3nica <\/strong><strong>Pe\u00f1alver <\/strong><strong>Sell\u00e9s<\/strong><\/h3>\t\t\t\t\t\t<\/div>\n\t\t\t\t<\/div>\n\t\t\t\t<div class=\"elementor-element elementor-element-be3d6a6 elementor-widget elementor-widget-image\" data-id=\"be3d6a6\" data-element_type=\"widget\" data-widget_type=\"image.default\">\n\t\t\t\t<div class=\"elementor-widget-container\">\n\t\t\t\t\t\t\t\t\t\t\t\t\t\t\t<img loading=\"lazy\" decoding=\"async\" width=\"1022\" height=\"1024\" src=\"https:\/\/iridis.es\/wp-content\/uploads\/2022\/11\/VeroCV-10.tif-1-1022x1024-1.jpg\" class=\"attachment-large size-large\" alt=\"\" srcset=\"https:\/\/iridis.es\/wp-content\/uploads\/2022\/11\/VeroCV-10.tif-1-1022x1024-1.jpg 1022w, https:\/\/iridis.es\/wp-content\/uploads\/2022\/11\/VeroCV-10.tif-1-1022x1024-1-300x300.jpg 300w, https:\/\/iridis.es\/wp-content\/uploads\/2022\/11\/VeroCV-10.tif-1-1022x1024-1-150x150.jpg 150w, https:\/\/iridis.es\/wp-content\/uploads\/2022\/11\/VeroCV-10.tif-1-1022x1024-1-768x770.jpg 768w\" sizes=\"auto, (max-width: 1022px) 100vw, 1022px\" \/>\t\t\t\t\t\t\t\t\t\t\t\t\t\t\t<\/div>\n\t\t\t\t<\/div>\n\t\t\t\t<div class=\"elementor-element elementor-element-23027a3 elementor-widget elementor-widget-text-editor\" data-id=\"23027a3\" data-element_type=\"widget\" data-widget_type=\"text-editor.default\">\n\t\t\t\t<div class=\"elementor-widget-container\">\n\t\t\t\t\t\t\t<p>Psic\u00f3loga y psicoterapeuta con un enfoque integrativo de base cognitivo-social, constructivista y sist\u00e9mico. Terapia individual, de pareja y mediaci\u00f3n de grupo terap\u00e9utico.<\/p>\t\t\t\t\t\t<\/div>\n\t\t\t\t<\/div>\n\t\t\t\t<div class=\"elementor-element elementor-element-4c06f82 elementor-widget elementor-widget-text-editor\" data-id=\"4c06f82\" data-element_type=\"widget\" data-widget_type=\"text-editor.default\">\n\t\t\t\t<div class=\"elementor-widget-container\">\n\t\t\t\t\t\t\t<p>veronica@iridis.es<br><\/p>\n<p>+ 34 687 054 816<\/p>\t\t\t\t\t\t<\/div>\n\t\t\t\t<\/div>\n\t\t\t\t\t<\/div>\n\t\t<\/div>\n\t\t\t\t\t\t\t<\/div>\n\t\t<\/section>\n\t\t\t\t\t\t\t<\/div>\n\t\t","protected":false},"excerpt":{"rendered":"<p>Somos Ana V. Sell\u00e9s Dick y Ver\u00f3nica Pe\u00f1alver Sell\u00e9s, psic\u00f3logas y, a la vez, madre e hija. IRIDIS Proviene de la palabra &#8220;iridiscencia&#8221;, que hace referencia a la cualidad de aquellas superficies que, seg\u00fan la perspectiva desde donde sean observadas, se ven de distinto color.\u00a0 El origen etimol\u00f3gico de &#8220;iris&#8221; es la palabra griega \u00edris, &#8230; <a title=\"Qui\u00e9nes somos\" class=\"read-more\" href=\"https:\/\/iridis.es\/?page_id=226\" aria-label=\"M\u00e1s en Qui\u00e9nes somos\">Leer m\u00e1s<\/a><\/p>\n","protected":false},"author":1,"featured_media":0,"parent":0,"menu_order":0,"comment_status":"closed","ping_status":"closed","template":"","meta":{"footnotes":""},"class_list":["post-226","page","type-page","status-publish"],"_links":{"self":[{"href":"https:\/\/iridis.es\/index.php?rest_route=\/wp\/v2\/pages\/226","targetHints":{"allow":["GET"]}}],"collection":[{"href":"https:\/\/iridis.es\/index.php?rest_route=\/wp\/v2\/pages"}],"about":[{"href":"https:\/\/iridis.es\/index.php?rest_route=\/wp\/v2\/types\/page"}],"author":[{"embeddable":true,"href":"https:\/\/iridis.es\/index.php?rest_route=\/wp\/v2\/users\/1"}],"replies":[{"embeddable":true,"href":"https:\/\/iridis.es\/index.php?rest_route=%2Fwp%2Fv2%2Fcomments&post=226"}],"version-history":[{"count":3,"href":"https:\/\/iridis.es\/index.php?rest_route=\/wp\/v2\/pages\/226\/revisions"}],"predecessor-version":[{"id":257,"href":"https:\/\/iridis.es\/index.php?rest_route=\/wp\/v2\/pages\/226\/revisions\/257"}],"wp:attachment":[{"href":"https:\/\/iridis.es\/index.php?rest_route=%2Fwp%2Fv2%2Fmedia&parent=226"}],"curies":[{"name":"wp","href":"https:\/\/api.w.org\/{rel}","templated":true}]}}